{"id":12228,"date":"2022-11-06T20:31:17","date_gmt":"2022-11-06T13:31:17","guid":{"rendered":"https:\/\/phapnhan.org\/tv\/?page_id=12228"},"modified":"2022-11-06T20:36:11","modified_gmt":"2022-11-06T13:36:11","slug":"lien-lac","status":"publish","type":"page","link":"https:\/\/phapnhan.org\/tv\/lien-lac\/","title":{"rendered":"Li\u00ean l\u1ea1c"},"content":{"rendered":"<div class=\"row\"  id=\"row-911045230\">\n<div class=\"col medium-6 small-12 large-6\"  ><div class=\"col-inner\"  >\n<p>Email: phapnhantemple123@gmail.com<\/p>\n<p>Phone: +15123662686<\/p>\n<\/div><\/div>\n<div class=\"col medium-6 small-12 large-6\"  ><div class=\"col-inner\"  >\n<div role=\"form\" class=\"wpcf7\" id=\"wpcf7-f12231-o1\" lang=\"vi\" dir=\"ltr\">\n<div class=\"screen-reader-response\"><p role=\"status\" aria-live=\"polite\" aria-atomic=\"true\"><\/p> <ul><\/ul><\/div>\n<form action=\"\/tv\/wp-json\/wp\/v2\/pages\/12228#wpcf7-f12231-o1\" method=\"post\" class=\"wpcf7-form init\" novalidate=\"novalidate\" data-status=\"init\">\n<div style=\"display: none;\">\n<input type=\"hidden\" name=\"_wpcf7\" value=\"12231\" \/>\n<input type=\"hidden\" name=\"_wpcf7_version\" value=\"5.5.2\" \/>\n<input type=\"hidden\" name=\"_wpcf7_locale\" value=\"vi\" \/>\n<input type=\"hidden\" name=\"_wpcf7_unit_tag\" value=\"wpcf7-f12231-o1\" \/>\n<input type=\"hidden\" name=\"_wpcf7_container_post\" value=\"0\" \/>\n<input type=\"hidden\" name=\"_wpcf7_posted_data_hash\" value=\"\" \/>\n<\/div>\n<p><label> T\u00ean v\u00e0 ph\u00e1p danh:<br \/>\n    <span class=\"wpcf7-form-control-wrap your-name\"><input type=\"text\" name=\"your-name\" value=\"\" size=\"40\" class=\"wpcf7-form-control wpcf7-text wpcf7-validates-as-required\" aria-required=\"true\" aria-invalid=\"false\" \/><\/span> <\/label><br \/>\n<label> Phone:<br \/>\n<span class=\"wpcf7-form-control-wrap tel-515\"><input type=\"tel\" name=\"tel-515\" value=\"\" size=\"40\" class=\"wpcf7-form-control wpcf7-text wpcf7-tel wpcf7-validates-as-required wpcf7-validates-as-tel\" aria-required=\"true\" aria-invalid=\"false\" \/><\/span><\/label><br \/>\n<label> Email:<br \/>\n    <span class=\"wpcf7-form-control-wrap your-email\"><input type=\"email\" name=\"your-email\" value=\"\" size=\"40\" class=\"wpcf7-form-control wpcf7-text wpcf7-email wpcf7-validates-as-required wpcf7-validates-as-email\" aria-required=\"true\" aria-invalid=\"false\" \/><\/span> <\/label><br \/>\n<label> \u0110\u1ecba ch\u1ec9 li\u00ean l\u1ea1c:<br \/>\n    <span class=\"wpcf7-form-control-wrap your-subject\"><input type=\"text\" name=\"your-subject\" value=\"\" size=\"40\" class=\"wpcf7-form-control wpcf7-text\" aria-invalid=\"false\" \/><\/span> <\/label><\/p>\n<p><label> Th\u00f4ng \u0111i\u1ec7p:<br \/>\n    <span class=\"wpcf7-form-control-wrap your-message\"><textarea name=\"your-message\" cols=\"40\" rows=\"10\" class=\"wpcf7-form-control wpcf7-textarea\" aria-invalid=\"false\"><\/textarea><\/span> <\/label><\/p>\n<p><input type=\"submit\" value=\"G\u1eedi \u0111i\" class=\"wpcf7-form-control has-spinner wpcf7-submit\" \/><\/p>\n<div class=\"wpcf7-response-output\" aria-hidden=\"true\"><\/div><\/form><\/div>\n<\/div><\/div>\n<\/div>\n","protected":false},"excerpt":{"rendered":"","protected":false},"author":2,"featured_media":0,"parent":0,"menu_order":0,"comment_status":"closed","ping_status":"closed","template":"","meta":[],"_links":{"self":[{"href":"https:\/\/phapnhan.org\/tv\/wp-json\/wp\/v2\/pages\/12228"}],"collection":[{"href":"https:\/\/phapnhan.org\/tv\/wp-json\/wp\/v2\/pages"}],"about":[{"href":"https:\/\/phapnhan.org\/tv\/wp-json\/wp\/v2\/types\/page"}],"author":[{"embeddable":true,"href":"https:\/\/phapnhan.org\/tv\/wp-json\/wp\/v2\/users\/2"}],"replies":[{"embeddable":true,"href":"https:\/\/phapnhan.org\/tv\/wp-json\/wp\/v2\/comments?post=12228"}],"version-history":[{"count":3,"href":"https:\/\/phapnhan.org\/tv\/wp-json\/wp\/v2\/pages\/12228\/revisions"}],"predecessor-version":[{"id":12233,"href":"https:\/\/phapnhan.org\/tv\/wp-json\/wp\/v2\/pages\/12228\/revisions\/12233"}],"wp:attachment":[{"href":"https:\/\/phapnhan.org\/tv\/wp-json\/wp\/v2\/media?parent=12228"}],"curies":[{"name":"wp","href":"https:\/\/api.w.org\/{rel}","templated":true}]}}